{"id":1522,"date":"2024-07-15T15:55:22","date_gmt":"2024-07-15T19:55:22","guid":{"rendered":"https:\/\/lecarredeslombes.com\/?page_id=1522"},"modified":"2024-07-15T16:05:09","modified_gmt":"2024-07-15T20:05:09","slug":"daniele-desnoyers","status":"publish","type":"page","link":"https:\/\/lecarredeslombes.com\/en\/daniele-desnoyers\/","title":{"rendered":"Dani\u00e8le Desnoyers"},"content":{"rendered":"<p>[et_pb_section fb_built=&#8221;1&#8243; _builder_version=&#8221;4.26.0&#8243; _module_preset=&#8221;default&#8221; custom_padding=&#8221;||0px|||&#8221; global_module=&#8221;33&#8243; saved_tabs=&#8221;all&#8221; global_colors_info=&#8221;{}&#8221;][et_pb_row _builder_version=&#8221;4.26.0&#8243; _module_preset=&#8221;default&#8221; global_colors_info=&#8221;{}&#8221;][et_pb_column type=&#8221;4_4&#8243; _builder_version=&#8221;4.26.0&#8243; _module_preset=&#8221;default&#8221; global_colors_info=&#8221;{}&#8221;][et_pb_post_title _builder_version=&#8221;4.26.0&#8243; _module_preset=&#8221;default&#8221; global_colors_info=&#8221;{}&#8221;][\/et_pb_post_title][\/et_pb_column][\/et_pb_row][\/et_pb_section][et_pb_section fb_built=&#8221;1&#8243; _builder_version=&#8221;4.26.0&#8243; _module_preset=&#8221;default&#8221; custom_padding=&#8221;2px|||||&#8221; global_colors_info=&#8221;{}&#8221;][et_pb_row _builder_version=&#8221;4.26.1&#8243; _module_preset=&#8221;default&#8221; custom_padding=&#8221;0rem|2rem|0rem|2rem|true|true&#8221; global_colors_info=&#8221;{}&#8221;][et_pb_column type=&#8221;4_4&#8243; _builder_version=&#8221;4.26.1&#8243; _module_preset=&#8221;default&#8221; animation_style=&#8221;slide&#8221; animation_direction=&#8221;left&#8221; global_colors_info=&#8221;{}&#8221;][et_pb_image src=&#8221;https:\/\/lecarredeslombes.com\/wp-content\/uploads\/2024\/07\/Daniele_Desnoyers.png&#8221; title_text=&#8221;Daniele_Desnoyers&#8221; _builder_version=&#8221;4.26.1&#8243; _module_preset=&#8221;default&#8221; hover_enabled=&#8221;0&#8243; global_colors_info=&#8221;{}&#8221; sticky_enabled=&#8221;0&#8243;][\/et_pb_image][\/et_pb_column][\/et_pb_row][et_pb_row _builder_version=&#8221;4.26.1&#8243; _module_preset=&#8221;default&#8221; custom_padding=&#8221;5rem|2rem|5rem|2rem|true|true&#8221; global_colors_info=&#8221;{}&#8221;][et_pb_column type=&#8221;4_4&#8243; _builder_version=&#8221;4.26.0&#8243; _module_preset=&#8221;default&#8221; global_colors_info=&#8221;{}&#8221;][et_pb_text admin_label=&#8221;Description&#8221; _builder_version=&#8221;4.26.1&#8243; _module_preset=&#8221;default&#8221; text_text_color=&#8221;#000000&#8243; custom_margin=&#8221;||35px|||&#8221; hover_enabled=&#8221;0&#8243; global_colors_info=&#8221;{}&#8221; module_class=&#8221;span-6&#8243; sticky_enabled=&#8221;0&#8243;]<\/p>\n<div class=\"guttersx4 outerx12 txt-r\">\n<div class=\"txt-l\">\n<div class=\"markdown\">\n<p>Dani\u00e8le Desnoyers is a leading figure in Canadian dance and the artistic director of Le Carr\u00e9 des Lombes. Her repertoire, consisting of more than twenty pieces, including<span>\u00a0<\/span><em>Discordantia<\/em>,<span>\u00a0<\/span><em>Concerto grosso pour corps et surface m\u00e9tallique<\/em>,<span>\u00a0<\/span><a href=\"https:\/\/www.lecarredeslombes.com\/en\/creation\/duos-pour-corps\" rel=\"noopener noreferrer\" target=\"_blank\"><em>Duos pour corps et instruments<\/em><\/a>,<span>\u00a0<\/span><em>L\u00e0 o\u00f9 je vis<\/em>,<span>\u00a0<\/span><em>D\u00e9vorer le ciel<\/em>,<span>\u00a0<\/span><a href=\"https:\/\/www.lecarredeslombes.com\/en\/creation\/paradoxe-melodie2\" rel=\"noopener noreferrer\" target=\"_blank\"><em>Paradoxe M\u00e9lodie<\/em><\/a><span>\u00a0<\/span>and<span>\u00a0<\/span><a href=\"https:\/\/www.lecarredeslombes.com\/en\/creation\/creation-unfold-7-perspectives\" rel=\"noopener noreferrer\" target=\"_blank\"><em>Unfold | 7 perspectives<\/em><\/a>, bears witness to a practice deeply rooted in movement and a rich and constant dialogue between the language of the body, music, sound and space. For more than 30 years, her work, presented mainly on Canadian and European stages, has been driven by the idea of encounters with multiple collaborators and performers among the most outstanding of the Montreal scene.<\/p>\n<p>More recently, the choreographer has decompartmentalized her own discipline and created multiple atypical projects such as the cycle<span>\u00a0<\/span><a href=\"https:\/\/www.lecarredeslombes.com\/en\/creation\/les-scenographies-paysages\" rel=\"noopener noreferrer\" target=\"_blank\"><em>Les Sc\u00e9nographies-Paysages<\/em><\/a>, performed in natural environments. She also works on co-creations as well as on choreographic commissions, such as the one she created for the<span>\u00a0<\/span><a href=\"https:\/\/www.aterballetto.it\/\" rel=\"noopener noreferrer\" target=\"_blank\">Fondazione Nationale della Danza\/Aterballetto<\/a><span>\u00a0<\/span>in 2022. Teaching and transmission are inseparable from Dani\u00e8le Desnoyers&#8217; artistic approach. In parallel to her creative activities, this artist-pedagogue teaches at the Dance Department of the Universit\u00e9 du Qu\u00e9bec \u00e0 Montr\u00e9al &#8211; her alma mater &#8211; where she was director from 2019 to 2022, in addition to designing research programs for creators, performers and choreographers, entitled<span>\u00a0<\/span><a href=\"https:\/\/www.lecarredeslombes.com\/en\/projet\/compagnonnage-22\" rel=\"noopener noreferrer\" target=\"_blank\"><em>Compagnonnage<\/em><\/a>. Photo | \u00a9Isabel Rancier<\/p>\n<\/div>\n<\/div>\n<\/div>\n<p>[\/et_pb_text][\/et_pb_column][\/et_pb_row][\/et_pb_section]<\/p>\n","protected":false},"excerpt":{"rendered":"<p>Dani\u00e8le Desnoyers is a leading figure in Canadian dance and the artistic director of Le Carr\u00e9 des Lombes. Her repertoire, consisting of more than twenty pieces, including\u00a0Discordantia,\u00a0Concerto grosso pour corps [&hellip;]<\/p>\n","protected":false},"author":1,"featured_media":0,"parent":0,"menu_order":0,"comment_status":"closed","ping_status":"closed","template":"","meta":{"_acf_changed":false,"_et_pb_use_builder":"on","_et_pb_old_content":"","_et_gb_content_width":"","inline_featured_image":false,"footnotes":""},"class_list":["post-1522","page","type-page","status-publish","hentry"],"acf":[],"yoast_head":"<!-- This site is optimized with the Yoast SEO plugin v27.6 - https:\/\/yoast.com\/product\/yoast-seo-wordpress\/ -->\n<title>Dani\u00e8le Desnoyers - Le carr&eacute; des Lombes<\/title>\n<meta name=\"robots\" content=\"index, follow, max-snippet:-1, max-image-preview:large, max-video-preview:-1\" \/>\n<link rel=\"canonical\" href=\"https:\/\/lecarredeslombes.com\/fr\/daniele-desnoyers\/\" \/>\n<meta property=\"og:locale\" content=\"en_US\" \/>\n<meta property=\"og:type\" content=\"article\" \/>\n<meta property=\"og:title\" content=\"Dani\u00e8le Desnoyers - Le carr&eacute; des Lombes\" \/>\n<meta property=\"og:description\" content=\"Dani\u00e8le Desnoyers is a leading figure in Canadian dance and the artistic director of Le Carr\u00e9 des Lombes. Her repertoire, consisting of more than twenty pieces, including\u00a0Discordantia,\u00a0Concerto grosso pour corps [&hellip;]\" \/>\n<meta property=\"og:url\" content=\"https:\/\/lecarredeslombes.com\/fr\/daniele-desnoyers\/\" \/>\n<meta property=\"og:site_name\" content=\"Le carr&eacute; des Lombes\" \/>\n<meta property=\"article:modified_time\" content=\"2024-07-15T20:05:09+00:00\" \/>\n<meta name=\"twitter:card\" content=\"summary_large_image\" \/>\n<meta name=\"twitter:label1\" content=\"Est. reading time\" \/>\n\t<meta name=\"twitter:data1\" content=\"2 minutes\" \/>\n<script type=\"application\/ld+json\" class=\"yoast-schema-graph\">{\"@context\":\"https:\\\/\\\/schema.org\",\"@graph\":[{\"@type\":\"WebPage\",\"@id\":\"https:\\\/\\\/lecarredeslombes.com\\\/fr\\\/daniele-desnoyers\\\/\",\"url\":\"https:\\\/\\\/lecarredeslombes.com\\\/fr\\\/daniele-desnoyers\\\/\",\"name\":\"Dani\u00e8le Desnoyers - Le carr&eacute; des Lombes\",\"isPartOf\":{\"@id\":\"https:\\\/\\\/lecarredeslombes.com\\\/fr\\\/#website\"},\"datePublished\":\"2024-07-15T19:55:22+00:00\",\"dateModified\":\"2024-07-15T20:05:09+00:00\",\"breadcrumb\":{\"@id\":\"https:\\\/\\\/lecarredeslombes.com\\\/fr\\\/daniele-desnoyers\\\/#breadcrumb\"},\"inLanguage\":\"en-US\",\"potentialAction\":[{\"@type\":\"ReadAction\",\"target\":[\"https:\\\/\\\/lecarredeslombes.com\\\/fr\\\/daniele-desnoyers\\\/\"]}]},{\"@type\":\"BreadcrumbList\",\"@id\":\"https:\\\/\\\/lecarredeslombes.com\\\/fr\\\/daniele-desnoyers\\\/#breadcrumb\",\"itemListElement\":[{\"@type\":\"ListItem\",\"position\":1,\"name\":\"Accueil\",\"item\":\"https:\\\/\\\/lecarredeslombes.com\\\/en\\\/\"},{\"@type\":\"ListItem\",\"position\":2,\"name\":\"Dani\u00e8le Desnoyers\"}]},{\"@type\":\"WebSite\",\"@id\":\"https:\\\/\\\/lecarredeslombes.com\\\/fr\\\/#website\",\"url\":\"https:\\\/\\\/lecarredeslombes.com\\\/fr\\\/\",\"name\":\"Le carr&eacute; des Lombes\",\"description\":\"\",\"potentialAction\":[{\"@type\":\"SearchAction\",\"target\":{\"@type\":\"EntryPoint\",\"urlTemplate\":\"https:\\\/\\\/lecarredeslombes.com\\\/fr\\\/?s={search_term_string}\"},\"query-input\":{\"@type\":\"PropertyValueSpecification\",\"valueRequired\":true,\"valueName\":\"search_term_string\"}}],\"inLanguage\":\"en-US\"}]}<\/script>\n<!-- \/ Yoast SEO plugin. -->","yoast_head_json":{"title":"Dani\u00e8le Desnoyers - Le carr&eacute; des Lombes","robots":{"index":"index","follow":"follow","max-snippet":"max-snippet:-1","max-image-preview":"max-image-preview:large","max-video-preview":"max-video-preview:-1"},"canonical":"https:\/\/lecarredeslombes.com\/fr\/daniele-desnoyers\/","og_locale":"en_US","og_type":"article","og_title":"Dani\u00e8le Desnoyers - Le carr&eacute; des Lombes","og_description":"Dani\u00e8le Desnoyers is a leading figure in Canadian dance and the artistic director of Le Carr\u00e9 des Lombes. Her repertoire, consisting of more than twenty pieces, including\u00a0Discordantia,\u00a0Concerto grosso pour corps [&hellip;]","og_url":"https:\/\/lecarredeslombes.com\/fr\/daniele-desnoyers\/","og_site_name":"Le carr&eacute; des Lombes","article_modified_time":"2024-07-15T20:05:09+00:00","twitter_card":"summary_large_image","twitter_misc":{"Est. reading time":"2 minutes"},"schema":{"@context":"https:\/\/schema.org","@graph":[{"@type":"WebPage","@id":"https:\/\/lecarredeslombes.com\/fr\/daniele-desnoyers\/","url":"https:\/\/lecarredeslombes.com\/fr\/daniele-desnoyers\/","name":"Dani\u00e8le Desnoyers - Le carr&eacute; des Lombes","isPartOf":{"@id":"https:\/\/lecarredeslombes.com\/fr\/#website"},"datePublished":"2024-07-15T19:55:22+00:00","dateModified":"2024-07-15T20:05:09+00:00","breadcrumb":{"@id":"https:\/\/lecarredeslombes.com\/fr\/daniele-desnoyers\/#breadcrumb"},"inLanguage":"en-US","potentialAction":[{"@type":"ReadAction","target":["https:\/\/lecarredeslombes.com\/fr\/daniele-desnoyers\/"]}]},{"@type":"BreadcrumbList","@id":"https:\/\/lecarredeslombes.com\/fr\/daniele-desnoyers\/#breadcrumb","itemListElement":[{"@type":"ListItem","position":1,"name":"Accueil","item":"https:\/\/lecarredeslombes.com\/en\/"},{"@type":"ListItem","position":2,"name":"Dani\u00e8le Desnoyers"}]},{"@type":"WebSite","@id":"https:\/\/lecarredeslombes.com\/fr\/#website","url":"https:\/\/lecarredeslombes.com\/fr\/","name":"Le carr&eacute; des Lombes","description":"","potentialAction":[{"@type":"SearchAction","target":{"@type":"EntryPoint","urlTemplate":"https:\/\/lecarredeslombes.com\/fr\/?s={search_term_string}"},"query-input":{"@type":"PropertyValueSpecification","valueRequired":true,"valueName":"search_term_string"}}],"inLanguage":"en-US"}]}},"_links":{"self":[{"href":"https:\/\/lecarredeslombes.com\/en\/wp-json\/wp\/v2\/pages\/1522","targetHints":{"allow":["GET"]}}],"collection":[{"href":"https:\/\/lecarredeslombes.com\/en\/wp-json\/wp\/v2\/pages"}],"about":[{"href":"https:\/\/lecarredeslombes.com\/en\/wp-json\/wp\/v2\/types\/page"}],"author":[{"embeddable":true,"href":"https:\/\/lecarredeslombes.com\/en\/wp-json\/wp\/v2\/users\/1"}],"replies":[{"embeddable":true,"href":"https:\/\/lecarredeslombes.com\/en\/wp-json\/wp\/v2\/comments?post=1522"}],"version-history":[{"count":0,"href":"https:\/\/lecarredeslombes.com\/en\/wp-json\/wp\/v2\/pages\/1522\/revisions"}],"wp:attachment":[{"href":"https:\/\/lecarredeslombes.com\/en\/wp-json\/wp\/v2\/media?parent=1522"}],"curies":[{"name":"wp","href":"https:\/\/api.w.org\/{rel}","templated":true}]}}