{"id":1610,"date":"2024-07-15T16:44:54","date_gmt":"2024-07-15T20:44:54","guid":{"rendered":"https:\/\/lecarredeslombes.com\/?page_id=1610"},"modified":"2025-06-03T16:52:40","modified_gmt":"2025-06-03T20:52:40","slug":"partenaires","status":"publish","type":"page","link":"https:\/\/lecarredeslombes.com\/en\/partenaires\/","title":{"rendered":"Partners"},"content":{"rendered":"<p>[et_pb_section fb_built=&#8221;1&#8243; _builder_version=&#8221;4.26.0&#8243; _module_preset=&#8221;_initial&#8221; custom_padding=&#8221;||0px|||&#8221; saved_tabs=&#8221;all&#8221; global_colors_info=&#8221;{}&#8221;][et_pb_row _builder_version=&#8221;4.26.0&#8243; _module_preset=&#8221;_initial&#8221; global_colors_info=&#8221;{}&#8221;][et_pb_column type=&#8221;4_4&#8243; _builder_version=&#8221;4.26.0&#8243; _module_preset=&#8221;default&#8221; global_colors_info=&#8221;{}&#8221;][et_pb_post_title _builder_version=&#8221;4.26.1&#8243; _module_preset=&#8221;_initial&#8221; global_colors_info=&#8221;{}&#8221;][\/et_pb_post_title][\/et_pb_column][\/et_pb_row][\/et_pb_section][et_pb_section fb_built=&#8221;1&#8243; _builder_version=&#8221;4.26.1&#8243; _module_preset=&#8221;_initial&#8221; custom_margin=&#8221;1rem||||false|false&#8221; custom_padding=&#8221;2px||2px|||&#8221; global_colors_info=&#8221;{}&#8221;][et_pb_row module_class=&#8221;span-6&#8243; _builder_version=&#8221;4.26.1&#8243; _module_preset=&#8221;_initial&#8221; custom_margin=&#8221;|||0px|false|false&#8221; custom_padding=&#8221;0rem|2rem|0rem|2rem|true|true&#8221; global_colors_info=&#8221;{}&#8221;][et_pb_column type=&#8221;4_4&#8243; _builder_version=&#8221;4.26.0&#8243; _module_preset=&#8221;default&#8221; global_colors_info=&#8221;{}&#8221;][et_pb_text _builder_version=&#8221;4.27.4&#8243; _module_preset=&#8221;default&#8221; text_text_color=&#8221;#000000&#8243; custom_margin=&#8221;||35px|||&#8221; global_colors_info=&#8221;{}&#8221;]<\/p>\n<p>Domaine Forget + Agora de la danse + Fabbrica Europa + Festival Montpellier Danse 2023 + Danse Danse + Mus\u00e9e d\u2019art contemporain de Montr\u00e9al + Festival TransAm\u00e9riques + Orchestre symphonique de Montr\u00e9al + Dance Department and Faculty of Arts of the Universit\u00e9 du Qu\u00e9bec \u00e0 Montr\u00e9al +\u00a0 Centennial Theatre in Sherbrooke + National Arts Center of Canada and Canada Dance Festival in Ottawa + CanDance Network in Toronto + Les Rencontres chor\u00e9graphiques internationales Seine-Saint-Denis + L&#8217;Atelier de Paris &#8211; Carolyn Carlson + Th\u00e9\u00e2tre national de Chaillot in Paris (France) + Baryshnikov Arts Center in New York (USA) + Kuns\u00adten\u00adcen\u00adtrum Voo\u00adruit in Gent (Belgium) + Cultuurcentrum of Bruges (Belgium) + TanzWerkstratt in Berlin (Germany).<\/p>\n<p>[\/et_pb_text][\/et_pb_column][\/et_pb_row][\/et_pb_section][et_pb_section fb_built=&#8221;1&#8243; _builder_version=&#8221;4.26.1&#8243; _module_preset=&#8221;_initial&#8221; custom_margin=&#8221;2rem||||false|false&#8221; custom_padding=&#8221;2px|||||&#8221; global_colors_info=&#8221;{}&#8221;][et_pb_row _builder_version=&#8221;4.27.0&#8243; _module_preset=&#8221;_initial&#8221; custom_margin=&#8221;|||0px|false|false&#8221; custom_padding=&#8221;0rem|2rem|0rem|2rem|true|true&#8221; global_colors_info=&#8221;{}&#8221;][et_pb_column type=&#8221;4_4&#8243; _builder_version=&#8221;4.27.0&#8243; _module_preset=&#8221;default&#8221; custom_css_free_form=&#8221;selector{||  width:695px !important;||  max-width:95%;||}&#8221; global_colors_info=&#8221;{}&#8221;][et_pb_heading title=&#8221;Partners&#8221; admin_label=&#8221;En-t\u00eate &#8211; Partners&#8221; _builder_version=&#8221;4.27.4&#8243; _module_preset=&#8221;default&#8221; title_level=&#8221;h2&#8243; title_font=&#8221;|||on|||||&#8221; title_font_size=&#8221;3.5rem&#8221; global_colors_info=&#8221;{}&#8221;][\/et_pb_heading][et_pb_heading title=&#8221;Publics partners&#8221; admin_label=&#8221;Public Partners&#8221; _builder_version=&#8221;4.27.4&#8243; _module_preset=&#8221;default&#8221; title_level=&#8221;h5&#8243; title_font=&#8221;|600||on|||||&#8221; custom_margin=&#8221;||-1px|||&#8221; global_colors_info=&#8221;{}&#8221;][\/et_pb_heading][dpddg_dynamic_gallery gallery_ids=&#8221;2900,2898,2896&#8243; show_title=&#8221;on&#8221; columns=&#8221;3&#8243; h_o=&#8221;on&#8221; admin_label=&#8221;Gallery : Public Partners&#8221; _builder_version=&#8221;4.27.4&#8243; _module_preset=&#8221;default&#8221; custom_css_free_form=&#8221;selector .dp-ddg-image-container img{||  width: auto;||    display: block;||    margin: 0;||    max-height: 100px;||    height: auto;||      position: relative !important;||      max-width: 245px;||}||||selector .dp-ddg-gutter-sizer{||  display:none;||}||||selector .dp-ddg-image-container {||    position: relative;||    height: fit-content;||  padding-top: 0 !important;||}||||selector .dp-ddg-items {||    display: -ms-flexbox;||    display: flex;||    -ms-flex-wrap: wrap;||    flex-wrap: wrap;||    align-items: center;||    align-content: center;||    justify-content: space-between;||  gap:1em;||  height: auto !important;||}||||selector .dp-ddg-item, ||selector .dp-ddg-filters-container {||    margin-bottom: 0px !important;||    position: static !important;||    left: 0 !important;||      width: auto !important;||}&#8221; border_width_all=&#8221;0px&#8221; border_style_all=&#8221;none&#8221; global_colors_info=&#8221;{}&#8221;][\/dpddg_dynamic_gallery][et_pb_heading title=&#8221;Cultural partners&#8221; admin_label=&#8221;Cultural partners&#8221; _builder_version=&#8221;4.27.0&#8243; _module_preset=&#8221;default&#8221; title_level=&#8221;h5&#8243; title_font=&#8221;|600||on|||||&#8221; custom_margin=&#8221;||2px|||&#8221; global_colors_info=&#8221;{}&#8221;][\/et_pb_heading][dpddg_dynamic_gallery gallery_ids=&#8221;2935,2939,2937,3414,3864&#8243; show_title=&#8221;on&#8221; columns=&#8221;3&#8243; h_o=&#8221;on&#8221; admin_label=&#8221;Gallery : Cultural partners&#8221; _builder_version=&#8221;4.27.0&#8243; _module_preset=&#8221;default&#8221; custom_css_free_form=&#8221;selector .dp-ddg-image-container img{||  width: auto;||    display: block;||    margin: 0;||    max-height: 100px;||    height: auto;||      position: relative !important;||      max-width: 200px;||}||||selector .dp-ddg-gutter-sizer{||  display:none;||}||||selector .dp-ddg-image-container {||    position: relative;||    height: fit-content;||  padding-top: 0 !important;||}||||selector .dp-ddg-items {||    display: -ms-flexbox;||    display: flex;||    -ms-flex-wrap: wrap;||    flex-wrap: wrap;||    align-items: center;||    align-content: center;||    justify-content: space-between;||  gap:1em;||  height: auto !important;||}||||selector .dp-ddg-item, ||selector .dp-ddg-filters-container {||    margin-bottom: 0px !important;||    position: static !important;||    left: 0 !important;||      width: auto !important;||}&#8221; border_width_all=&#8221;0px&#8221; border_style_all=&#8221;none&#8221; global_colors_info=&#8221;{}&#8221;][\/dpddg_dynamic_gallery][et_pb_heading title=&#8221;Les Minutes chor\u00e9graphiques partners&#8221; admin_label=&#8221;Les Minutes chor\u00e9graphiques partners&#8221; _builder_version=&#8221;4.27.0&#8243; _module_preset=&#8221;default&#8221; title_level=&#8221;h5&#8243; title_font=&#8221;|600||on|||||&#8221; custom_margin=&#8221;||4px|||&#8221; global_colors_info=&#8221;{}&#8221;][\/et_pb_heading][dpddg_dynamic_gallery gallery_ids=&#8221;3954,2957,3853,3679,3681,3837,3726,3677,3858,3133&#8243; show_title=&#8221;on&#8221; columns=&#8221;3&#8243; h_o=&#8221;on&#8221; admin_label=&#8221;Gallery : Corporate partners&#8221; _builder_version=&#8221;4.27.0&#8243; _module_preset=&#8221;default&#8221; custom_css_free_form=&#8221;selector .dp-ddg-image-container img{||  width: auto;||    display: block;||    margin: 0;||    max-height: 100px;||    height: auto;||      position: relative !important;||      max-width: 200px;||}||||selector .dp-ddg-gutter-sizer{||  display:none;||}||||selector .dp-ddg-image-container {||    position: relative;||    height: fit-content;||  padding-top: 0 !important;||}||||selector .dp-ddg-items {||    display: -ms-flexbox;||    display: flex;||    -ms-flex-wrap: wrap;||    flex-wrap: wrap;||    align-items: center;||    align-content: center;||    justify-content: space-between;||  gap:1em;||  height: auto !important;||}||||selector .dp-ddg-item, ||selector .dp-ddg-filters-container {||    margin-bottom: 0px !important;||    position: static !important;||    left: 0 !important;||      width: auto !important;||}&#8221; border_width_all=&#8221;0px&#8221; border_style_all=&#8221;none&#8221; global_colors_info=&#8221;{}&#8221;][\/dpddg_dynamic_gallery][et_pb_heading title=&#8221;2025 Silent auction partners&#8221; admin_label=&#8221;2025 Silent auction partners&#8221; _builder_version=&#8221;4.27.0&#8243; _module_preset=&#8221;default&#8221; title_level=&#8221;h5&#8243; title_font=&#8221;|600||on|||||&#8221; custom_margin=&#8221;||4px|||&#8221; global_colors_info=&#8221;{}&#8221;][\/et_pb_heading][et_pb_text _builder_version=&#8221;4.27.0&#8243; _module_preset=&#8221;default&#8221; text_text_color=&#8221;#000000&#8243; custom_margin=&#8221;||35px|||&#8221; global_colors_info=&#8221;{}&#8221;]<\/p>\n<p>Angelo Barsetti + Clara Jorisch + \u00c9lisabeth Cardin + \u00c9lisabeth Gravel + Jason Cantoro + Luc Sen\u00e9cal + Martin Boisjoly + Peter Krausz<\/p>\n<p>[\/et_pb_text][dpddg_dynamic_gallery gallery_ids=&#8221;3847,3723,3594,3600,3588,3592,3696,3609,3832,3617,3717,3713,3598,3602,3604&#8243; show_title=&#8221;on&#8221; columns=&#8221;3&#8243; h_o=&#8221;on&#8221; admin_label=&#8221;Gallery : silent auction partners&#8221; _builder_version=&#8221;4.27.0&#8243; _module_preset=&#8221;default&#8221; custom_css_free_form=&#8221;selector .dp-ddg-image-container img{||  width: auto;||    display: block;||    margin: 0;||    max-height: 100px;||    height: auto;||      position: relative !important;||      max-width: 200px;||}||||selector .dp-ddg-gutter-sizer{||  display:none;||}||||selector .dp-ddg-image-container {||    position: relative;||    height: fit-content;||  padding-top: 0 !important;||}||||selector .dp-ddg-items {||    display: -ms-flexbox;||    display: flex;||    -ms-flex-wrap: wrap;||    flex-wrap: wrap;||    align-items: center;||    align-content: center;||    justify-content: space-between;||  gap:1em;||  height: auto !important;||}||||selector .dp-ddg-item, ||selector .dp-ddg-filters-container {||    margin-bottom: 0px !important;||    position: static !important;||    left: 0 !important;||      width: auto !important;||}&#8221; border_width_all=&#8221;0px&#8221; border_style_all=&#8221;none&#8221; global_colors_info=&#8221;{}&#8221;][\/dpddg_dynamic_gallery][et_pb_heading title=&#8221;Donors&#8221; admin_label=&#8221;Donors&#8221; _builder_version=&#8221;4.27.0&#8243; _module_preset=&#8221;default&#8221; title_level=&#8221;h5&#8243; title_font=&#8221;|600||on|||||&#8221; custom_margin=&#8221;||4px|||&#8221; global_colors_info=&#8221;{}&#8221;][\/et_pb_heading][et_pb_text _builder_version=&#8221;4.27.4&#8243; _module_preset=&#8221;default&#8221; text_text_color=&#8221;#000000&#8243; custom_margin=&#8221;||35px|||&#8221; hover_enabled=&#8221;0&#8243; global_colors_info=&#8221;{}&#8221; sticky_enabled=&#8221;0&#8243;]<\/p>\n<p>Susan Alexander + Lisa Arduini + S\u00e9bastien Baranger + Florence Bisch + Christian Boisjoly + Eve-Marie Boutet + Christine Bourgier + Lucie Brindamour + M\u00e9lanie Camir\u00e9 + Marie-Christine Champagne + Luce Couture + Jennifer Delva + H\u00e9l\u00e8ne Desnoyers + Sylvain Dufresne + H\u00e9l\u00e8ne Duval + Audraine Hou\u00ebl + Isabelle Hudon + Sabrina Lemeltier + Erwan Leseul + Lorena Lopez + Serge Loubier + Patrick Mallier + Serge Marquis + Francine Martin + Jacques Maurice + Rolf Pulse + Caroline Raymond + Sandra Renelique + Vickie-Lynn Roy + Marc Simard + Nathalie Th\u00e9ocharid\u00e8s + Andr\u00e9e Trudel + Pierre-Andr\u00e9 Vigneault + Marie-Jeanne Yvinec<\/p>\n<p>[\/et_pb_text][\/et_pb_column][\/et_pb_row][\/et_pb_section]<\/p>\n","protected":false},"excerpt":{"rendered":"<p>Domaine Forget + Agora de la danse + Fabbrica Europa + Festival Montpellier Danse 2023 + Danse Danse + Mus\u00e9e d\u2019art contemporain de Montr\u00e9al + Festival TransAm\u00e9riques + Orchestre symphonique [&hellip;]<\/p>\n","protected":false},"author":1,"featured_media":0,"parent":0,"menu_order":0,"comment_status":"closed","ping_status":"closed","template":"","meta":{"_acf_changed":false,"_et_pb_use_builder":"on","_et_pb_old_content":"","_et_gb_content_width":"","inline_featured_image":false,"footnotes":""},"class_list":["post-1610","page","type-page","status-publish","hentry"],"acf":[],"yoast_head":"<!-- This site is optimized with the Yoast SEO plugin v27.6 - https:\/\/yoast.com\/product\/yoast-seo-wordpress\/ -->\n<title>Partners - Le carr&eacute; des Lombes<\/title>\n<meta name=\"robots\" content=\"index, follow, max-snippet:-1, max-image-preview:large, max-video-preview:-1\" \/>\n<link rel=\"canonical\" href=\"https:\/\/lecarredeslombes.com\/fr\/partenaires\/\" \/>\n<meta property=\"og:locale\" content=\"en_US\" \/>\n<meta property=\"og:type\" content=\"article\" \/>\n<meta property=\"og:title\" content=\"Partners - Le carr&eacute; des Lombes\" \/>\n<meta property=\"og:description\" content=\"Domaine Forget + Agora de la danse + Fabbrica Europa + Festival Montpellier Danse 2023 + Danse Danse + Mus\u00e9e d\u2019art contemporain de Montr\u00e9al + Festival TransAm\u00e9riques + Orchestre symphonique [&hellip;]\" \/>\n<meta property=\"og:url\" content=\"https:\/\/lecarredeslombes.com\/fr\/partenaires\/\" \/>\n<meta property=\"og:site_name\" content=\"Le carr&eacute; des Lombes\" \/>\n<meta property=\"article:modified_time\" content=\"2025-06-03T20:52:40+00:00\" \/>\n<meta name=\"twitter:card\" content=\"summary_large_image\" \/>\n<meta name=\"twitter:label1\" content=\"Est. reading time\" \/>\n\t<meta name=\"twitter:data1\" content=\"5 minutes\" \/>\n<script type=\"application\/ld+json\" class=\"yoast-schema-graph\">{\"@context\":\"https:\\\/\\\/schema.org\",\"@graph\":[{\"@type\":\"WebPage\",\"@id\":\"https:\\\/\\\/lecarredeslombes.com\\\/fr\\\/partenaires\\\/\",\"url\":\"https:\\\/\\\/lecarredeslombes.com\\\/fr\\\/partenaires\\\/\",\"name\":\"Partners - Le carr&eacute; des Lombes\",\"isPartOf\":{\"@id\":\"https:\\\/\\\/lecarredeslombes.com\\\/fr\\\/#website\"},\"datePublished\":\"2024-07-15T20:44:54+00:00\",\"dateModified\":\"2025-06-03T20:52:40+00:00\",\"breadcrumb\":{\"@id\":\"https:\\\/\\\/lecarredeslombes.com\\\/fr\\\/partenaires\\\/#breadcrumb\"},\"inLanguage\":\"en-US\",\"potentialAction\":[{\"@type\":\"ReadAction\",\"target\":[\"https:\\\/\\\/lecarredeslombes.com\\\/fr\\\/partenaires\\\/\"]}]},{\"@type\":\"BreadcrumbList\",\"@id\":\"https:\\\/\\\/lecarredeslombes.com\\\/fr\\\/partenaires\\\/#breadcrumb\",\"itemListElement\":[{\"@type\":\"ListItem\",\"position\":1,\"name\":\"Accueil\",\"item\":\"https:\\\/\\\/lecarredeslombes.com\\\/en\\\/\"},{\"@type\":\"ListItem\",\"position\":2,\"name\":\"Partners\"}]},{\"@type\":\"WebSite\",\"@id\":\"https:\\\/\\\/lecarredeslombes.com\\\/fr\\\/#website\",\"url\":\"https:\\\/\\\/lecarredeslombes.com\\\/fr\\\/\",\"name\":\"Le carr&eacute; des Lombes\",\"description\":\"\",\"potentialAction\":[{\"@type\":\"SearchAction\",\"target\":{\"@type\":\"EntryPoint\",\"urlTemplate\":\"https:\\\/\\\/lecarredeslombes.com\\\/fr\\\/?s={search_term_string}\"},\"query-input\":{\"@type\":\"PropertyValueSpecification\",\"valueRequired\":true,\"valueName\":\"search_term_string\"}}],\"inLanguage\":\"en-US\"}]}<\/script>\n<!-- \/ Yoast SEO plugin. -->","yoast_head_json":{"title":"Partners - Le carr&eacute; des Lombes","robots":{"index":"index","follow":"follow","max-snippet":"max-snippet:-1","max-image-preview":"max-image-preview:large","max-video-preview":"max-video-preview:-1"},"canonical":"https:\/\/lecarredeslombes.com\/fr\/partenaires\/","og_locale":"en_US","og_type":"article","og_title":"Partners - Le carr&eacute; des Lombes","og_description":"Domaine Forget + Agora de la danse + Fabbrica Europa + Festival Montpellier Danse 2023 + Danse Danse + Mus\u00e9e d\u2019art contemporain de Montr\u00e9al + Festival TransAm\u00e9riques + Orchestre symphonique [&hellip;]","og_url":"https:\/\/lecarredeslombes.com\/fr\/partenaires\/","og_site_name":"Le carr&eacute; des Lombes","article_modified_time":"2025-06-03T20:52:40+00:00","twitter_card":"summary_large_image","twitter_misc":{"Est. reading time":"5 minutes"},"schema":{"@context":"https:\/\/schema.org","@graph":[{"@type":"WebPage","@id":"https:\/\/lecarredeslombes.com\/fr\/partenaires\/","url":"https:\/\/lecarredeslombes.com\/fr\/partenaires\/","name":"Partners - Le carr&eacute; des Lombes","isPartOf":{"@id":"https:\/\/lecarredeslombes.com\/fr\/#website"},"datePublished":"2024-07-15T20:44:54+00:00","dateModified":"2025-06-03T20:52:40+00:00","breadcrumb":{"@id":"https:\/\/lecarredeslombes.com\/fr\/partenaires\/#breadcrumb"},"inLanguage":"en-US","potentialAction":[{"@type":"ReadAction","target":["https:\/\/lecarredeslombes.com\/fr\/partenaires\/"]}]},{"@type":"BreadcrumbList","@id":"https:\/\/lecarredeslombes.com\/fr\/partenaires\/#breadcrumb","itemListElement":[{"@type":"ListItem","position":1,"name":"Accueil","item":"https:\/\/lecarredeslombes.com\/en\/"},{"@type":"ListItem","position":2,"name":"Partners"}]},{"@type":"WebSite","@id":"https:\/\/lecarredeslombes.com\/fr\/#website","url":"https:\/\/lecarredeslombes.com\/fr\/","name":"Le carr&eacute; des Lombes","description":"","potentialAction":[{"@type":"SearchAction","target":{"@type":"EntryPoint","urlTemplate":"https:\/\/lecarredeslombes.com\/fr\/?s={search_term_string}"},"query-input":{"@type":"PropertyValueSpecification","valueRequired":true,"valueName":"search_term_string"}}],"inLanguage":"en-US"}]}},"_links":{"self":[{"href":"https:\/\/lecarredeslombes.com\/en\/wp-json\/wp\/v2\/pages\/1610","targetHints":{"allow":["GET"]}}],"collection":[{"href":"https:\/\/lecarredeslombes.com\/en\/wp-json\/wp\/v2\/pages"}],"about":[{"href":"https:\/\/lecarredeslombes.com\/en\/wp-json\/wp\/v2\/types\/page"}],"author":[{"embeddable":true,"href":"https:\/\/lecarredeslombes.com\/en\/wp-json\/wp\/v2\/users\/1"}],"replies":[{"embeddable":true,"href":"https:\/\/lecarredeslombes.com\/en\/wp-json\/wp\/v2\/comments?post=1610"}],"version-history":[{"count":0,"href":"https:\/\/lecarredeslombes.com\/en\/wp-json\/wp\/v2\/pages\/1610\/revisions"}],"wp:attachment":[{"href":"https:\/\/lecarredeslombes.com\/en\/wp-json\/wp\/v2\/media?parent=1610"}],"curies":[{"name":"wp","href":"https:\/\/api.w.org\/{rel}","templated":true}]}}