{"id":1798,"date":"2024-07-11T17:16:51","date_gmt":"2024-07-11T21:16:51","guid":{"rendered":"https:\/\/lecarredeslombes.com\/?page_id=1798"},"modified":"2026-03-19T15:41:58","modified_gmt":"2026-03-19T19:41:58","slug":"le-carre-des-lombes","status":"publish","type":"page","link":"https:\/\/lecarredeslombes.com\/fr\/","title":{"rendered":"Accueil"},"content":{"rendered":"<p>[et_pb_section fb_built=\u00a0\u00bb1&Prime; _builder_version=\u00a0\u00bb4.27.4&Prime; _module_preset=\u00a0\u00bbdefault\u00a0\u00bb hover_enabled=\u00a0\u00bb0&Prime; global_colors_info=\u00a0\u00bb{}\u00a0\u00bb sticky_enabled=\u00a0\u00bb0&Prime;][et_pb_row make_equal=\u00a0\u00bbon\u00a0\u00bb module_class=\u00a0\u00bbproject_list_content_row\u00a0\u00bb _builder_version=\u00a0\u00bb4.27.4&Prime; _module_preset=\u00a0\u00bbdefault\u00a0\u00bb width=\u00a0\u00bb72em\u00a0\u00bb module_alignment=\u00a0\u00bbcenter\u00a0\u00bb custom_margin=\u00a0\u00bb||||false|false\u00a0\u00bb custom_padding=\u00a0\u00bb0px|6rem|40px||false|false\u00a0\u00bb hover_enabled=\u00a0\u00bb0&Prime; custom_css_free_form=\u00a0\u00bbbody selector.project_list_content_row||margin: auto;\u00a0\u00bb global_colors_info=\u00a0\u00bb{}\u00a0\u00bb sticky_enabled=\u00a0\u00bb0&Prime;][et_pb_column type=\u00a0\u00bb4_4&Prime; module_class=\u00a0\u00bbproject_list_column\u00a0\u00bb admin_label=\u00a0\u00bbproject_list_column\u00a0\u00bb _builder_version=\u00a0\u00bb4.26.0&Prime; _module_preset=\u00a0\u00bbdefault\u00a0\u00bb global_colors_info=\u00a0\u00bb{}\u00a0\u00bb][et_pb_text _builder_version=\u00a0\u00bb4.27.4&Prime; _module_preset=\u00a0\u00bbdefault\u00a0\u00bb header_text_align=\u00a0\u00bbcenter\u00a0\u00bb text_orientation=\u00a0\u00bbcenter\u00a0\u00bb hover_enabled=\u00a0\u00bb0&Prime; custom_css_free_form=\u00a0\u00bbmargin: auto;\u00a0\u00bb global_colors_info=\u00a0\u00bb{}\u00a0\u00bb sticky_enabled=\u00a0\u00bb0&Prime;]<\/p>\n<p style=\"text-align: center;\">\t\t\t<div class=\"project_list_item animated_element slidein_from_right\">\r\n\t\t\t\t\t\t\t\t\t<div class=\"et_pb_module et_pb_image et_pb_image_before\">\r\n\t\t\t\t\t\t<span class=\"et_pb_image_wrap alignright\"><a\r\n\t\t\t\t\t\t\t\ttarget=\"_self\" href=\"https:\/\/lecarredeslombes.com\/fr\/projet\/creation-unfold-7-perspectives\/\"><img fetchpriority=\"high\"\r\n\t\t\t\t\t\t\t\t\tdecoding=\"async\" width=\"400\" height=\"500\"\r\n\t\t\t\t\t\t\t\t\tsrc=\"https:\/\/lecarredeslombes.com\/wp-content\/uploads\/2026\/04\/Design-sans-titre-2-e1776278534728.png\" alt=\"\"\r\n\t\t\t\t\t\t\t\t\ttitle=\"Design sans titre (2)\" srcset=\"\"\r\n\t\t\t\t\t\t\t\t\tsizes=\"\" class=\"wp-image-5001\"><\/a><\/span>\r\n\t\t\t\t\t<\/div>\r\n\t\t\t\t\t\t\t\t<div class=\"et_pb_module et_pb_text et_pb_text_title span-10 et_pb_text_align_left et_pb_bg_layout_light\">\r\n\t\t\t\t\t<div class=\"et_pb_text_inner\">\r\n\t\t\t\t\t\t<div style=\"display: inline-block;\" class=\"h1\">\r\n\t\t\t\t\t\t\t<a target=\"_self\" href=\"https:\/\/lecarredeslombes.com\/fr\/projet\/creation-unfold-7-perspectives\/\">\r\n\t\t\t\t\t\t\t\tUNFOLD | <br>7 perspectives\t\t\t\t\t\t\t<\/a>\r\n\t\t\t\t\t\t<\/div>\r\n\t\t\t\t\t<\/div>\r\n\t\t\t\t<\/div>\r\n\t\t\t\t\t\t\t<\/div>\r\n\t\t\t\t\t\t<div class=\"project_list_item animated_element slidein_from_right\">\r\n\t\t\t\t\t\t\t\t\t<div class=\"et_pb_module et_pb_image et_pb_image_before\">\r\n\t\t\t\t\t\t<span class=\"et_pb_image_wrap alignleft\"><a\r\n\t\t\t\t\t\t\t\ttarget=\"_self\" href=\"https:\/\/lecarredeslombes.com\/fr\/projet\/soulevement\/\"><img fetchpriority=\"high\"\r\n\t\t\t\t\t\t\t\t\tdecoding=\"async\" width=\"700\" height=\"467\"\r\n\t\t\t\t\t\t\t\t\tsrc=\"https:\/\/lecarredeslombes.com\/wp-content\/uploads\/2025\/10\/4-A7408242-copie-2_web-e1776278440463.jpg\" alt=\"Aure\u0301lie Ann Figaro, Kimberley de Jong, Myriam Arseneault Campbell, Gabby Kachan, Ariane Levasseur et Cha\u0302telaine Co\u0302te\u0301-Rioux \u00a9 Luc Sene\u0301cal\"\r\n\t\t\t\t\t\t\t\t\ttitle=\"Aure\u0301lie Ann Figaro, Kimberley de Jong, Myriam Arseneault Campbell, Gabby Kachan, Ariane Levasseur et Cha\u0302telaine Co\u0302te\u0301-Rioux \u00a9 Luc Sene\u0301cal\" srcset=\"\"\r\n\t\t\t\t\t\t\t\t\tsizes=\"(min-width: 0px) and (max-width: 480px) 480px, (min-width: 481px) 700px, 100vw\" class=\"wp-image-4493\"><\/a><\/span>\r\n\t\t\t\t\t<\/div>\r\n\t\t\t\t\t\t\t\t<div class=\"et_pb_module et_pb_text et_pb_text_title span-10 et_pb_text_align_left et_pb_bg_layout_light\">\r\n\t\t\t\t\t<div class=\"et_pb_text_inner\">\r\n\t\t\t\t\t\t<div style=\"display: inline-block;\" class=\"h1\">\r\n\t\t\t\t\t\t\t<a target=\"_self\" href=\"https:\/\/lecarredeslombes.com\/fr\/projet\/soulevement\/\">\r\n\t\t\t\t\t\t\t\tSoul\u00e8vement\t\t\t\t\t\t\t<\/a>\r\n\t\t\t\t\t\t<\/div>\r\n\t\t\t\t\t<\/div>\r\n\t\t\t\t<\/div>\r\n\t\t\t\t\t\t\t<\/div>\r\n\t\t\t\t\t\t<div class=\"project_list_item animated_element slidein_from_right\">\r\n\t\t\t\t\t\t\t\t\t<div class=\"et_pb_module et_pb_image et_pb_image_before\">\r\n\t\t\t\t\t\t<span class=\"et_pb_image_wrap alignright\"><a\r\n\t\t\t\t\t\t\t\ttarget=\"_self\" href=\"https:\/\/lecarredeslombes.com\/fr\/projet\/les-scenographies-paysages-ciel-et-terre\/\"><img fetchpriority=\"high\"\r\n\t\t\t\t\t\t\t\t\tdecoding=\"async\" width=\"450\" height=\"254\"\r\n\t\t\t\t\t\t\t\t\tsrc=\"https:\/\/lecarredeslombes.com\/wp-content\/uploads\/2026\/04\/Design-sans-titre-1-e1776278522495.png\" alt=\"\"\r\n\t\t\t\t\t\t\t\t\ttitle=\"Design sans titre (1)\" srcset=\"\"\r\n\t\t\t\t\t\t\t\t\tsizes=\"(min-width: 0px) and (max-width: 480px) 480px, (min-width: 481px) and (max-width: 980px) 980px, (min-width: 981px) and (max-width: 1280px) 1280px, 100vw\" class=\"wp-image-4999\"><\/a><\/span>\r\n\t\t\t\t\t<\/div>\r\n\t\t\t\t\t\t\t\t<div class=\"et_pb_module et_pb_text et_pb_text_title span-10 et_pb_text_align_left et_pb_bg_layout_light\">\r\n\t\t\t\t\t<div class=\"et_pb_text_inner\">\r\n\t\t\t\t\t\t<div style=\"display: inline-block;\" class=\"h1\">\r\n\t\t\t\t\t\t\t<a target=\"_self\" href=\"https:\/\/lecarredeslombes.com\/fr\/projet\/les-scenographies-paysages-ciel-et-terre\/\">\r\n\t\t\t\t\t\t\t\tLes Sc\u00e9nographies-Paysages | <br>Ciel et terre\t\t\t\t\t\t\t<\/a>\r\n\t\t\t\t\t\t<\/div>\r\n\t\t\t\t\t<\/div>\r\n\t\t\t\t<\/div>\r\n\t\t\t\t\t\t\t\t\t<div class=\"et_pb_module et_pb_image et_pb_image_after\">\r\n\t\t\t\t\t\t<span class=\"et_pb_image_wrap alignleft\"><a\r\n\t\t\t\t\t\t\t\ttarget=\"_self\" href=\"https:\/\/lecarredeslombes.com\/fr\/projet\/les-scenographies-paysages-ciel-et-terre\/\"><img fetchpriority=\"high\"\r\n\t\t\t\t\t\t\t\t\tdecoding=\"async\" width=\"200\" height=\"133\"\r\n\t\t\t\t\t\t\t\t\tsrc=\"https:\/\/lecarredeslombes.com\/wp-content\/uploads\/2026\/04\/A7404869-1-scaled-1-e1776279997685.jpg\" alt=\"\"\r\n\t\t\t\t\t\t\t\t\ttitle=\"A7404869-1-scaled\" srcset=\"\"\r\n\t\t\t\t\t\t\t\t\tsizes=\"\" class=\"wp-image-5003\"><\/a><\/span>\r\n\t\t\t\t\t<\/div>\r\n\t\t\t\t\t\t\t<\/div>\r\n\t\t\t<\/p>\n<p>[\/et_pb_text][\/et_pb_column][\/et_pb_row][\/et_pb_section][et_pb_section fb_built=\u00a0\u00bb1&Prime; specialty=\u00a0\u00bbon\u00a0\u00bb _builder_version=\u00a0\u00bb4.27.4&Prime; _module_preset=\u00a0\u00bb7d5a0925-f86c-459c-b087-75ec2ffd90eb\u00a0\u00bb module_alignment=\u00a0\u00bbcenter\u00a0\u00bb inner_width=\u00a0\u00bb100%\u00a0\u00bb inner_max_width=\u00a0\u00bb100%\u00a0\u00bb inner_module_alignment=\u00a0\u00bbcenter\u00a0\u00bb custom_padding=\u00a0\u00bb84px|||||\u00a0\u00bb custom_css_free_form=\u00a0\u00bbmargin: auto;\u00a0\u00bb global_colors_info=\u00a0\u00bb{}\u00a0\u00bb][et_pb_column type=\u00a0\u00bb1_4&Prime; _builder_version=\u00a0\u00bb4.16&Prime; custom_padding=\u00a0\u00bb|||\u00a0\u00bb global_colors_info=\u00a0\u00bb{}\u00a0\u00bb custom_padding__hover=\u00a0\u00bb|||\u00a0\u00bb][et_pb_heading title=\u00a0\u00bbNos Cr\u00e9ations\u00a0\u00bb _builder_version=\u00a0\u00bb4.26.1&Prime; _module_preset=\u00a0\u00bbdefault\u00a0\u00bb title_level=\u00a0\u00bbh4&Prime; hover_enabled=\u00a0\u00bb0&Prime; global_colors_info=\u00a0\u00bb{}\u00a0\u00bb sticky_enabled=\u00a0\u00bb0&Prime;][\/et_pb_heading][\/et_pb_column][et_pb_column type=\u00a0\u00bb3_4&Prime; specialty_columns=\u00a0\u00bb3&Prime; _builder_version=\u00a0\u00bb4.16&Prime; custom_padding=\u00a0\u00bb|||\u00a0\u00bb global_colors_info=\u00a0\u00bb{}\u00a0\u00bb custom_padding__hover=\u00a0\u00bb|||\u00a0\u00bb][et_pb_row_inner column_structure=\u00a0\u00bb1_2,1_2&Prime; _builder_version=\u00a0\u00bb4.26.1&Prime; _module_preset=\u00a0\u00bbdefault\u00a0\u00bb max_width=\u00a0\u00bb100%\u00a0\u00bb module_alignment=\u00a0\u00bbcenter\u00a0\u00bb custom_margin=\u00a0\u00bb|auto||auto|false|true\u00a0\u00bb custom_padding=\u00a0\u00bb0px||40px|6rem|false|false\u00a0\u00bb global_colors_info=\u00a0\u00bb{}\u00a0\u00bb][et_pb_column_inner type=\u00a0\u00bb1_2&Prime; saved_specialty_column_type=\u00a0\u00bb3_4&Prime; _builder_version=\u00a0\u00bb4.26.0&Prime; _module_preset=\u00a0\u00bbdefault\u00a0\u00bb global_colors_info=\u00a0\u00bb{}\u00a0\u00bb][et_pb_text _builder_version=\u00a0\u00bb4.27.4&Prime; _module_preset=\u00a0\u00bbdefault\u00a0\u00bb hover_enabled=\u00a0\u00bb0&Prime; global_colors_info=\u00a0\u00bb{}\u00a0\u00bb sticky_enabled=\u00a0\u00bb0&Prime;]<\/p>\n<div class=\"span-8 \" style=\"display: flex; justify-content: space-between; align-content: center; align-items: center; flex-direction: row;\">\n<div class=\"h4 markdown\"><a href=\"https:\/\/lecarredeslombes.com\/fr\/projet\/creation-unfold-7-perspectives\/\">UNFOLD |<br \/>7 perspectives<\/a><\/div>\n<h5 style=\"margin: 0;\">2026<\/h5>\n<\/div>\n<p>[\/et_pb_text][\/et_pb_column_inner][et_pb_column_inner type=\u00a0\u00bb1_2&Prime; saved_specialty_column_type=\u00a0\u00bb3_4&Prime; _builder_version=\u00a0\u00bb4.26.0&Prime; _module_preset=\u00a0\u00bbdefault\u00a0\u00bb global_colors_info=\u00a0\u00bb{}\u00a0\u00bb][et_pb_text _builder_version=\u00a0\u00bb4.27.4&Prime; _module_preset=\u00a0\u00bbdefault\u00a0\u00bb custom_padding=\u00a0\u00bb||0px|||\u00a0\u00bb global_colors_info=\u00a0\u00bb{}\u00a0\u00bb]<\/p>\n<div class=\"span-8 \" style=\"display: flex; justify-content: space-between; align-content: center; align-items: center; flex-direction: row;\">\n<div class=\"h4 markdown\"><a href=\"https:\/\/lecarredeslombes.com\/fr\/projet\/les-scenographies-paysages-eaux-et-foret\/\">LES SC\u00c9NOGRAPHIES-PAYSAGES | EAUX ET FOR\u00caT<\/a><\/div>\n<h5 style=\"margin: 0;\">2025<\/h5>\n<\/div>\n<p>[\/et_pb_text][\/et_pb_column_inner][\/et_pb_row_inner][et_pb_row_inner column_structure=\u00a0\u00bb1_2,1_2&Prime; _builder_version=\u00a0\u00bb4.26.1&Prime; _module_preset=\u00a0\u00bbdefault\u00a0\u00bb max_width=\u00a0\u00bb100%\u00a0\u00bb module_alignment=\u00a0\u00bbcenter\u00a0\u00bb custom_margin=\u00a0\u00bb|auto||auto|false|true\u00a0\u00bb custom_padding=\u00a0\u00bb0px||40px|6rem|false|false\u00a0\u00bb global_colors_info=\u00a0\u00bb{}\u00a0\u00bb][et_pb_column_inner type=\u00a0\u00bb1_2&Prime; saved_specialty_column_type=\u00a0\u00bb3_4&Prime; _builder_version=\u00a0\u00bb4.26.0&Prime; _module_preset=\u00a0\u00bbdefault\u00a0\u00bb global_colors_info=\u00a0\u00bb{}\u00a0\u00bb][et_pb_text _builder_version=\u00a0\u00bb4.27.4&Prime; _module_preset=\u00a0\u00bbdefault\u00a0\u00bb global_colors_info=\u00a0\u00bb{}\u00a0\u00bb]<\/p>\n<div class=\"span-8 \" style=\"display: flex; justify-content: space-between; align-content: center; align-items: center; flex-direction: row;\">\n<div class=\"h4 markdown\"><a href=\"https:\/\/lecarredeslombes.com\/fr\/projet\/nc25\/\">Soul\u00e8vement<\/a><\/div>\n<h5 style=\"margin: 0;\">2025<\/h5>\n<\/div>\n<p>[\/et_pb_text][\/et_pb_column_inner][et_pb_column_inner type=\u00a0\u00bb1_2&Prime; saved_specialty_column_type=\u00a0\u00bb3_4&Prime; _builder_version=\u00a0\u00bb4.26.0&Prime; _module_preset=\u00a0\u00bbdefault\u00a0\u00bb global_colors_info=\u00a0\u00bb{}\u00a0\u00bb][et_pb_text _builder_version=\u00a0\u00bb4.27.0&Prime; _module_preset=\u00a0\u00bbdefault\u00a0\u00bb global_colors_info=\u00a0\u00bb{}\u00a0\u00bb]<\/p>\n<div class=\"span-8 \" style=\"display: flex; justify-content: space-between; align-content: center; align-items: center; flex-direction: row;\">\n<div class=\"h4 markdown\"><a href=\"https:\/\/lecarredeslombes.com\/fr\/projet\/les-scenographies-paysages-ciel-et-terre\/\">Les Sc\u00e9nographies-Paysages | Ciel et terre<\/a><\/div>\n<h5 style=\"margin: 0;\">2025<\/h5>\n<\/div>\n<p>[\/et_pb_text][\/et_pb_column_inner][\/et_pb_row_inner][\/et_pb_column][\/et_pb_section]<\/p>\n","protected":false},"excerpt":{"rendered":"<p>[et_pb_section fb_built=\u00a0\u00bb1&Prime; _builder_version=\u00a0\u00bb4.27.4&Prime; _module_preset=\u00a0\u00bbdefault\u00a0\u00bb hover_enabled=\u00a0\u00bb0&Prime; global_colors_info=\u00a0\u00bb{}\u00a0\u00bb sticky_enabled=\u00a0\u00bb0&Prime;][et_pb_row make_equal=\u00a0\u00bbon\u00a0\u00bb module_class=\u00a0\u00bbproject_list_content_row\u00a0\u00bb _builder_version=\u00a0\u00bb4.27.4&Prime; _module_preset=\u00a0\u00bbdefault\u00a0\u00bb width=\u00a0\u00bb72em\u00a0\u00bb module_alignment=\u00a0\u00bbcenter\u00a0\u00bb custom_margin=\u00a0\u00bb||||false|false\u00a0\u00bb custom_padding=\u00a0\u00bb0px|6rem|40px||false|false\u00a0\u00bb hover_enabled=\u00a0\u00bb0&Prime; custom_css_free_form=\u00a0\u00bbbody selector.project_list_content_row||margin: auto;\u00a0\u00bb global_colors_info=\u00a0\u00bb{}\u00a0\u00bb sticky_enabled=\u00a0\u00bb0&Prime;][et_pb_column type=\u00a0\u00bb4_4&Prime; module_class=\u00a0\u00bbproject_list_column\u00a0\u00bb admin_label=\u00a0\u00bbproject_list_column\u00a0\u00bb _builder_version=\u00a0\u00bb4.26.0&Prime; _module_preset=\u00a0\u00bbdefault\u00a0\u00bb global_colors_info=\u00a0\u00bb{}\u00a0\u00bb][et_pb_text _builder_version=\u00a0\u00bb4.27.4&Prime; _module_preset=\u00a0\u00bbdefault\u00a0\u00bb header_text_align=\u00a0\u00bbcenter\u00a0\u00bb [&hellip;]<\/p>\n","protected":false},"author":1,"featured_media":0,"parent":0,"menu_order":0,"comment_status":"closed","ping_status":"closed","template":"","meta":{"_acf_changed":false,"_et_pb_use_builder":"on","_et_pb_old_content":"<!-- wp:divi\/placeholder \/-->","_et_gb_content_width":"","inline_featured_image":false,"footnotes":""},"class_list":["post-1798","page","type-page","status-publish","hentry"],"acf":[],"yoast_head":"<!-- This site is optimized with the Yoast SEO plugin v27.4 - https:\/\/yoast.com\/product\/yoast-seo-wordpress\/ -->\n<title>Accueil - Le carr&eacute; des Lombes<\/title>\n<meta name=\"description\" content=\"Le Carr\u00e9 des Lombes est une compagnie de danse contemporaine qu\u00e9b\u00e9coise fond\u00e9e par la chor\u00e9graphe Dani\u00e8le Desnoyers en 1989.\" \/>\n<meta name=\"robots\" content=\"index, follow, max-snippet:-1, max-image-preview:large, max-video-preview:-1\" \/>\n<link rel=\"canonical\" href=\"https:\/\/lecarredeslombes.com\/fr\/\" \/>\n<meta property=\"og:locale\" content=\"fr_FR\" \/>\n<meta property=\"og:type\" content=\"article\" \/>\n<meta property=\"og:title\" content=\"Accueil - Le carr&eacute; des Lombes\" \/>\n<meta property=\"og:description\" content=\"Le Carr\u00e9 des Lombes est une compagnie de danse contemporaine qu\u00e9b\u00e9coise fond\u00e9e par la chor\u00e9graphe Dani\u00e8le Desnoyers en 1989.\" \/>\n<meta property=\"og:url\" content=\"https:\/\/lecarredeslombes.com\/fr\/\" \/>\n<meta property=\"og:site_name\" content=\"Le carr&eacute; des Lombes\" \/>\n<meta property=\"article:modified_time\" content=\"2026-03-19T19:41:58+00:00\" \/>\n<meta name=\"twitter:card\" content=\"summary_large_image\" \/>\n<meta name=\"twitter:label1\" content=\"Dur\u00e9e de lecture estim\u00e9e\" \/>\n\t<meta name=\"twitter:data1\" content=\"2 minutes\" \/>\n<script type=\"application\/ld+json\" class=\"yoast-schema-graph\">{\"@context\":\"https:\\\/\\\/schema.org\",\"@graph\":[{\"@type\":\"WebPage\",\"@id\":\"https:\\\/\\\/lecarredeslombes.com\\\/fr\\\/\",\"url\":\"https:\\\/\\\/lecarredeslombes.com\\\/fr\\\/\",\"name\":\"Accueil - Le carr&eacute; des Lombes\",\"isPartOf\":{\"@id\":\"https:\\\/\\\/lecarredeslombes.com\\\/fr\\\/#website\"},\"datePublished\":\"2024-07-11T21:16:51+00:00\",\"dateModified\":\"2026-03-19T19:41:58+00:00\",\"description\":\"Le Carr\u00e9 des Lombes est une compagnie de danse contemporaine qu\u00e9b\u00e9coise fond\u00e9e par la chor\u00e9graphe Dani\u00e8le Desnoyers en 1989.\",\"breadcrumb\":{\"@id\":\"https:\\\/\\\/lecarredeslombes.com\\\/fr\\\/#breadcrumb\"},\"inLanguage\":\"fr-FR\",\"potentialAction\":[{\"@type\":\"ReadAction\",\"target\":[\"https:\\\/\\\/lecarredeslombes.com\\\/fr\\\/\"]}]},{\"@type\":\"BreadcrumbList\",\"@id\":\"https:\\\/\\\/lecarredeslombes.com\\\/fr\\\/#breadcrumb\",\"itemListElement\":[{\"@type\":\"ListItem\",\"position\":1,\"name\":\"Accueil\",\"item\":\"https:\\\/\\\/lecarredeslombes.com\\\/fr\\\/\"},{\"@type\":\"ListItem\",\"position\":2,\"name\":\"Accueil\"}]},{\"@type\":\"WebSite\",\"@id\":\"https:\\\/\\\/lecarredeslombes.com\\\/fr\\\/#website\",\"url\":\"https:\\\/\\\/lecarredeslombes.com\\\/fr\\\/\",\"name\":\"Le carr&eacute; des Lombes\",\"description\":\"Compagnie de danse fond\u00e9e par la chor\u00e9graphe Dani\u00e8le Desnoyers\",\"potentialAction\":[{\"@type\":\"SearchAction\",\"target\":{\"@type\":\"EntryPoint\",\"urlTemplate\":\"https:\\\/\\\/lecarredeslombes.com\\\/fr\\\/?s={search_term_string}\"},\"query-input\":{\"@type\":\"PropertyValueSpecification\",\"valueRequired\":true,\"valueName\":\"search_term_string\"}}],\"inLanguage\":\"fr-FR\"}]}<\/script>\n<!-- \/ Yoast SEO plugin. -->","yoast_head_json":{"title":"Accueil - Le carr&eacute; des Lombes","description":"Le Carr\u00e9 des Lombes est une compagnie de danse contemporaine qu\u00e9b\u00e9coise fond\u00e9e par la chor\u00e9graphe Dani\u00e8le Desnoyers en 1989.","robots":{"index":"index","follow":"follow","max-snippet":"max-snippet:-1","max-image-preview":"max-image-preview:large","max-video-preview":"max-video-preview:-1"},"canonical":"https:\/\/lecarredeslombes.com\/fr\/","og_locale":"fr_FR","og_type":"article","og_title":"Accueil - Le carr&eacute; des Lombes","og_description":"Le Carr\u00e9 des Lombes est une compagnie de danse contemporaine qu\u00e9b\u00e9coise fond\u00e9e par la chor\u00e9graphe Dani\u00e8le Desnoyers en 1989.","og_url":"https:\/\/lecarredeslombes.com\/fr\/","og_site_name":"Le carr&eacute; des Lombes","article_modified_time":"2026-03-19T19:41:58+00:00","twitter_card":"summary_large_image","twitter_misc":{"Dur\u00e9e de lecture estim\u00e9e":"2 minutes"},"schema":{"@context":"https:\/\/schema.org","@graph":[{"@type":"WebPage","@id":"https:\/\/lecarredeslombes.com\/fr\/","url":"https:\/\/lecarredeslombes.com\/fr\/","name":"Accueil - Le carr&eacute; des Lombes","isPartOf":{"@id":"https:\/\/lecarredeslombes.com\/fr\/#website"},"datePublished":"2024-07-11T21:16:51+00:00","dateModified":"2026-03-19T19:41:58+00:00","description":"Le Carr\u00e9 des Lombes est une compagnie de danse contemporaine qu\u00e9b\u00e9coise fond\u00e9e par la chor\u00e9graphe Dani\u00e8le Desnoyers en 1989.","breadcrumb":{"@id":"https:\/\/lecarredeslombes.com\/fr\/#breadcrumb"},"inLanguage":"fr-FR","potentialAction":[{"@type":"ReadAction","target":["https:\/\/lecarredeslombes.com\/fr\/"]}]},{"@type":"BreadcrumbList","@id":"https:\/\/lecarredeslombes.com\/fr\/#breadcrumb","itemListElement":[{"@type":"ListItem","position":1,"name":"Accueil","item":"https:\/\/lecarredeslombes.com\/fr\/"},{"@type":"ListItem","position":2,"name":"Accueil"}]},{"@type":"WebSite","@id":"https:\/\/lecarredeslombes.com\/fr\/#website","url":"https:\/\/lecarredeslombes.com\/fr\/","name":"Le carr&eacute; des Lombes","description":"Compagnie de danse fond\u00e9e par la chor\u00e9graphe Dani\u00e8le Desnoyers","potentialAction":[{"@type":"SearchAction","target":{"@type":"EntryPoint","urlTemplate":"https:\/\/lecarredeslombes.com\/fr\/?s={search_term_string}"},"query-input":{"@type":"PropertyValueSpecification","valueRequired":true,"valueName":"search_term_string"}}],"inLanguage":"fr-FR"}]}},"_links":{"self":[{"href":"https:\/\/lecarredeslombes.com\/fr\/wp-json\/wp\/v2\/pages\/1798","targetHints":{"allow":["GET"]}}],"collection":[{"href":"https:\/\/lecarredeslombes.com\/fr\/wp-json\/wp\/v2\/pages"}],"about":[{"href":"https:\/\/lecarredeslombes.com\/fr\/wp-json\/wp\/v2\/types\/page"}],"author":[{"embeddable":true,"href":"https:\/\/lecarredeslombes.com\/fr\/wp-json\/wp\/v2\/users\/1"}],"replies":[{"embeddable":true,"href":"https:\/\/lecarredeslombes.com\/fr\/wp-json\/wp\/v2\/comments?post=1798"}],"version-history":[{"count":0,"href":"https:\/\/lecarredeslombes.com\/fr\/wp-json\/wp\/v2\/pages\/1798\/revisions"}],"wp:attachment":[{"href":"https:\/\/lecarredeslombes.com\/fr\/wp-json\/wp\/v2\/media?parent=1798"}],"curies":[{"name":"wp","href":"https:\/\/api.w.org\/{rel}","templated":true}]}}