{"id":1814,"date":"2024-07-11T17:23:24","date_gmt":"2024-07-11T21:23:24","guid":{"rendered":"https:\/\/lecarredeslombes.com\/donate\/"},"modified":"2025-04-08T16:46:44","modified_gmt":"2025-04-08T20:46:44","slug":"donate","status":"publish","type":"page","link":"https:\/\/lecarredeslombes.com\/fr\/donate\/","title":{"rendered":"Faire un don"},"content":{"rendered":"<p>[et_pb_section fb_built=\u00a0\u00bb1&Prime; _builder_version=\u00a0\u00bb4.26.1&Prime; _module_preset=\u00a0\u00bbdefault\u00a0\u00bb custom_padding=\u00a0\u00bb||0px|||\u00a0\u00bb animation_delay=\u00a0\u00bb0ms\u00a0\u00bb saved_tabs=\u00a0\u00bball\u00a0\u00bb global_colors_info=\u00a0\u00bb{}\u00a0\u00bb][et_pb_row _builder_version=\u00a0\u00bb4.26.0&Prime; _module_preset=\u00a0\u00bbdefault\u00a0\u00bb global_colors_info=\u00a0\u00bb{}\u00a0\u00bb][et_pb_column type=\u00a0\u00bb4_4&Prime; _builder_version=\u00a0\u00bb4.26.0&Prime; _module_preset=\u00a0\u00bbdefault\u00a0\u00bb global_colors_info=\u00a0\u00bb{}\u00a0\u00bb][et_pb_post_title _builder_version=\u00a0\u00bb4.26.0&Prime; _module_preset=\u00a0\u00bbdefault\u00a0\u00bb global_colors_info=\u00a0\u00bb{}\u00a0\u00bb][\/et_pb_post_title][\/et_pb_column][\/et_pb_row][\/et_pb_section][et_pb_section fb_built=\u00a0\u00bb1&Prime; _builder_version=\u00a0\u00bb4.26.1&Prime; _module_preset=\u00a0\u00bbdefault\u00a0\u00bb custom_padding=\u00a0\u00bb2px|||||\u00a0\u00bb global_colors_info=\u00a0\u00bb{}\u00a0\u00bb][et_pb_row _builder_version=\u00a0\u00bb4.26.0&Prime; _module_preset=\u00a0\u00bbdefault\u00a0\u00bb custom_padding=\u00a0\u00bb0rem|2rem|0rem|2rem|true|true\u00a0\u00bb global_colors_info=\u00a0\u00bb{}\u00a0\u00bb][et_pb_column type=\u00a0\u00bb4_4&Prime; _builder_version=\u00a0\u00bb4.26.0&Prime; _module_preset=\u00a0\u00bbdefault\u00a0\u00bb global_colors_info=\u00a0\u00bb{}\u00a0\u00bb][et_pb_heading title=\u00a0\u00bbMISSION DE LA COMPAGNIE\u00a0\u00bb _builder_version=\u00a0\u00bb4.26.1&Prime; _module_preset=\u00a0\u00bbdefault\u00a0\u00bb title_level=\u00a0\u00bbh4&Prime; title_font=\u00a0\u00bb|600||on|||||\u00a0\u00bb title_font_size=\u00a0\u00bb1.5rem\u00a0\u00bb custom_margin=\u00a0\u00bb||-1px|||\u00a0\u00bb global_colors_info=\u00a0\u00bb{}\u00a0\u00bb][\/et_pb_heading][et_pb_text module_class=\u00a0\u00bbspan-6&Prime; _builder_version=\u00a0\u00bb4.27.0&Prime; _module_preset=\u00a0\u00bbdefault\u00a0\u00bb text_text_color=\u00a0\u00bb#000000&Prime; custom_margin=\u00a0\u00bb||35px|||\u00a0\u00bb hover_enabled=\u00a0\u00bb0&Prime; global_colors_info=\u00a0\u00bb{}\u00a0\u00bb sticky_enabled=\u00a0\u00bb0&Prime;]<\/p>\n<div class=\"outerx4\">\n<div class=\"span-6 markdown\">\n<p>Fond\u00e9 en 1989 par la chor\u00e9graphe Dani\u00e8le Desnoyers, Le Carr\u00e9 des Lombes a le mandat de soutenir la recherche, la cr\u00e9ation et la production d\u2019\u0153uvres originales en danse, et d\u2019assurer leur diffusion sur les sc\u00e8nes nationale et internationale.<\/p>\n<p>En \u00e9tant membre de Circuit-Est centre chor\u00e9graphique, l\u2019organisme contribue au partage et \u00e0 la consolidation de ressources sp\u00e9cifiquement destin\u00e9es \u00e0 la danse. Il s\u2019appuie principalement sur trois valeurs : la continuit\u00e9, le partage et l\u2019\u00e9quit\u00e9.<\/p>\n<p>L\u2019univers cr\u00e9atif de Dani\u00e8le Desnoyers s\u2019est construit au fil de rencontres avec des artistes, concepteurs, collaborateurs et interpr\u00e8tes parmi les plus marquants de la sc\u00e8ne montr\u00e9alaise. Son r\u00e9pertoire t\u00e9moigne d\u2019une pratique profond\u00e9ment ancr\u00e9e sur le mouvement, et d\u2019un dialogue riche et constant entre le langage du corps, la musique, le son et l\u2019espace.<\/p>\n<p>&nbsp;<\/p>\n<\/div>\n<\/div>\n<p>[\/et_pb_text][et_pb_code _builder_version=\u00a0\u00bb4.26.1&Prime; _module_preset=\u00a0\u00bbdefault\u00a0\u00bb global_colors_info=\u00a0\u00bb{}\u00a0\u00bb]<\/p>\n<div class=\"donate-form outerx8\"><!-- [et_pb_line_break_holder] --><script id=\"ch_cdn_embed\" type=\"text\/javascript\" data-page-id=\"9273\" data-cfasync=\"false\" data-formtype=\"0\" data-language=\"fr\" src=\"https:\/\/www.canadahelps.org\/services\/wa\/js\/apps\/donatenow\/embed.min.js\"><\/script><!-- [et_pb_line_break_holder] --><!--<iframe src=\"https:\/\/www.canadahelps.org\/fr\/dn\/9273\" title=\"iframe\" width=\"100%\" scrolling=\"no\" style=\"height: 1559px; border: 0px; overflow: hidden;\" allow=\"payment\" id=\"iFrameResizer0\"><\/iframe>--><!-- [et_pb_line_break_holder] --><\/div>\n<p>[\/et_pb_code][\/et_pb_column][\/et_pb_row][\/et_pb_section]<\/p>\n","protected":false},"excerpt":{"rendered":"<p>Fond\u00e9 en 1989 par la chor\u00e9graphe Dani\u00e8le Desnoyers, Le Carr\u00e9 des Lombes a le mandat de soutenir la recherche, la cr\u00e9ation et la production d\u2019\u0153uvres originales en danse, et d\u2019assurer [&hellip;]<\/p>\n","protected":false},"author":1,"featured_media":0,"parent":0,"menu_order":0,"comment_status":"closed","ping_status":"closed","template":"","meta":{"_acf_changed":false,"_et_pb_use_builder":"on","_et_pb_old_content":"","_et_gb_content_width":"","inline_featured_image":false,"footnotes":""},"class_list":["post-1814","page","type-page","status-publish","hentry"],"acf":[],"yoast_head":"<!-- This site is optimized with the Yoast SEO plugin v27.6 - https:\/\/yoast.com\/product\/yoast-seo-wordpress\/ -->\n<title>Faire un don - Le carr&eacute; des Lombes<\/title>\n<meta name=\"robots\" content=\"index, follow, max-snippet:-1, max-image-preview:large, max-video-preview:-1\" \/>\n<link rel=\"canonical\" href=\"https:\/\/lecarredeslombes.com\/fr\/donate\/\" \/>\n<meta property=\"og:locale\" content=\"fr_FR\" \/>\n<meta property=\"og:type\" content=\"article\" \/>\n<meta property=\"og:title\" content=\"Faire un don - Le carr&eacute; des Lombes\" \/>\n<meta property=\"og:description\" content=\"Fond\u00e9 en 1989 par la chor\u00e9graphe Dani\u00e8le Desnoyers, Le Carr\u00e9 des Lombes a le mandat de soutenir la recherche, la cr\u00e9ation et la production d\u2019\u0153uvres originales en danse, et d\u2019assurer [&hellip;]\" \/>\n<meta property=\"og:url\" content=\"https:\/\/lecarredeslombes.com\/fr\/donate\/\" \/>\n<meta property=\"og:site_name\" content=\"Le carr&eacute; des Lombes\" \/>\n<meta property=\"article:modified_time\" content=\"2025-04-08T20:46:44+00:00\" \/>\n<meta name=\"twitter:card\" content=\"summary_large_image\" \/>\n<meta name=\"twitter:label1\" content=\"Dur\u00e9e de lecture estim\u00e9e\" \/>\n\t<meta name=\"twitter:data1\" content=\"2 minutes\" \/>\n<script type=\"application\/ld+json\" class=\"yoast-schema-graph\">{\"@context\":\"https:\\\/\\\/schema.org\",\"@graph\":[{\"@type\":\"WebPage\",\"@id\":\"https:\\\/\\\/lecarredeslombes.com\\\/fr\\\/donate\\\/\",\"url\":\"https:\\\/\\\/lecarredeslombes.com\\\/fr\\\/donate\\\/\",\"name\":\"Faire un don - Le carr&eacute; des Lombes\",\"isPartOf\":{\"@id\":\"https:\\\/\\\/lecarredeslombes.com\\\/fr\\\/#website\"},\"datePublished\":\"2024-07-11T21:23:24+00:00\",\"dateModified\":\"2025-04-08T20:46:44+00:00\",\"breadcrumb\":{\"@id\":\"https:\\\/\\\/lecarredeslombes.com\\\/fr\\\/donate\\\/#breadcrumb\"},\"inLanguage\":\"fr-FR\",\"potentialAction\":[{\"@type\":\"ReadAction\",\"target\":[\"https:\\\/\\\/lecarredeslombes.com\\\/fr\\\/donate\\\/\"]}]},{\"@type\":\"BreadcrumbList\",\"@id\":\"https:\\\/\\\/lecarredeslombes.com\\\/fr\\\/donate\\\/#breadcrumb\",\"itemListElement\":[{\"@type\":\"ListItem\",\"position\":1,\"name\":\"Accueil\",\"item\":\"https:\\\/\\\/lecarredeslombes.com\\\/fr\\\/\"},{\"@type\":\"ListItem\",\"position\":2,\"name\":\"Faire un don\"}]},{\"@type\":\"WebSite\",\"@id\":\"https:\\\/\\\/lecarredeslombes.com\\\/fr\\\/#website\",\"url\":\"https:\\\/\\\/lecarredeslombes.com\\\/fr\\\/\",\"name\":\"Le carr&eacute; des Lombes\",\"description\":\"Compagnie de danse fond\u00e9e par la chor\u00e9graphe Dani\u00e8le Desnoyers\",\"potentialAction\":[{\"@type\":\"SearchAction\",\"target\":{\"@type\":\"EntryPoint\",\"urlTemplate\":\"https:\\\/\\\/lecarredeslombes.com\\\/fr\\\/?s={search_term_string}\"},\"query-input\":{\"@type\":\"PropertyValueSpecification\",\"valueRequired\":true,\"valueName\":\"search_term_string\"}}],\"inLanguage\":\"fr-FR\"}]}<\/script>\n<!-- \/ Yoast SEO plugin. -->","yoast_head_json":{"title":"Faire un don - Le carr&eacute; des Lombes","robots":{"index":"index","follow":"follow","max-snippet":"max-snippet:-1","max-image-preview":"max-image-preview:large","max-video-preview":"max-video-preview:-1"},"canonical":"https:\/\/lecarredeslombes.com\/fr\/donate\/","og_locale":"fr_FR","og_type":"article","og_title":"Faire un don - Le carr&eacute; des Lombes","og_description":"Fond\u00e9 en 1989 par la chor\u00e9graphe Dani\u00e8le Desnoyers, Le Carr\u00e9 des Lombes a le mandat de soutenir la recherche, la cr\u00e9ation et la production d\u2019\u0153uvres originales en danse, et d\u2019assurer [&hellip;]","og_url":"https:\/\/lecarredeslombes.com\/fr\/donate\/","og_site_name":"Le carr&eacute; des Lombes","article_modified_time":"2025-04-08T20:46:44+00:00","twitter_card":"summary_large_image","twitter_misc":{"Dur\u00e9e de lecture estim\u00e9e":"2 minutes"},"schema":{"@context":"https:\/\/schema.org","@graph":[{"@type":"WebPage","@id":"https:\/\/lecarredeslombes.com\/fr\/donate\/","url":"https:\/\/lecarredeslombes.com\/fr\/donate\/","name":"Faire un don - Le carr&eacute; des Lombes","isPartOf":{"@id":"https:\/\/lecarredeslombes.com\/fr\/#website"},"datePublished":"2024-07-11T21:23:24+00:00","dateModified":"2025-04-08T20:46:44+00:00","breadcrumb":{"@id":"https:\/\/lecarredeslombes.com\/fr\/donate\/#breadcrumb"},"inLanguage":"fr-FR","potentialAction":[{"@type":"ReadAction","target":["https:\/\/lecarredeslombes.com\/fr\/donate\/"]}]},{"@type":"BreadcrumbList","@id":"https:\/\/lecarredeslombes.com\/fr\/donate\/#breadcrumb","itemListElement":[{"@type":"ListItem","position":1,"name":"Accueil","item":"https:\/\/lecarredeslombes.com\/fr\/"},{"@type":"ListItem","position":2,"name":"Faire un don"}]},{"@type":"WebSite","@id":"https:\/\/lecarredeslombes.com\/fr\/#website","url":"https:\/\/lecarredeslombes.com\/fr\/","name":"Le carr&eacute; des Lombes","description":"Compagnie de danse fond\u00e9e par la chor\u00e9graphe Dani\u00e8le Desnoyers","potentialAction":[{"@type":"SearchAction","target":{"@type":"EntryPoint","urlTemplate":"https:\/\/lecarredeslombes.com\/fr\/?s={search_term_string}"},"query-input":{"@type":"PropertyValueSpecification","valueRequired":true,"valueName":"search_term_string"}}],"inLanguage":"fr-FR"}]}},"_links":{"self":[{"href":"https:\/\/lecarredeslombes.com\/fr\/wp-json\/wp\/v2\/pages\/1814","targetHints":{"allow":["GET"]}}],"collection":[{"href":"https:\/\/lecarredeslombes.com\/fr\/wp-json\/wp\/v2\/pages"}],"about":[{"href":"https:\/\/lecarredeslombes.com\/fr\/wp-json\/wp\/v2\/types\/page"}],"author":[{"embeddable":true,"href":"https:\/\/lecarredeslombes.com\/fr\/wp-json\/wp\/v2\/users\/1"}],"replies":[{"embeddable":true,"href":"https:\/\/lecarredeslombes.com\/fr\/wp-json\/wp\/v2\/comments?post=1814"}],"version-history":[{"count":0,"href":"https:\/\/lecarredeslombes.com\/fr\/wp-json\/wp\/v2\/pages\/1814\/revisions"}],"wp:attachment":[{"href":"https:\/\/lecarredeslombes.com\/fr\/wp-json\/wp\/v2\/media?parent=1814"}],"curies":[{"name":"wp","href":"https:\/\/api.w.org\/{rel}","templated":true}]}}